{"id":1072,"date":"2015-05-12T13:50:58","date_gmt":"2015-05-12T12:50:58","guid":{"rendered":"http:\/\/bonaireapartment.com\/chachacha-beach-apartments-history-2\/"},"modified":"2020-02-25T20:59:53","modified_gmt":"2020-02-25T19:59:53","slug":"historia-apartamentos-chachacha-beach","status":"publish","type":"page","link":"https:\/\/bonaireapartment.com\/es\/historia-apartamentos-chachacha-beach\/","title":{"rendered":"Historia de los Apartamentos Chachacha Beach"},"content":{"rendered":"<p>[vc_row row_type=&#8221;row&#8221; use_row_as_full_screen_section=&#8221;no&#8221; type=&#8221;full_width&#8221; text_align=&#8221;left&#8221; background_image_as_pattern=&#8221;without_pattern&#8221; section_height=&#8221;1200&#8243;][vc_column width=&#8221;1\/1&#8243;][vc_empty_space height=&#8221;82px&#8221;][vc_row_inner][vc_column_inner width=&#8221;1\/2&#8243;][vc_column_text]<\/p>\n<h2>Historia e informaci\u00f3n sobre los Apartamentos Chachacha Beach:<\/h2>\n<p>&nbsp;<\/p>\n<p><span style=\"color: #000000;\"><strong>Los apartamentos Chachacha Beach est\u00e1n situados en la parcela que antiguamente correspond\u00eda a la familia Marchena. <\/strong><\/span><br \/>\n<span style=\"color: #000000;\"><strong> A princ\u00edpios del siglo veinte una se\u00f1ora de esa familia Marchena trabajaba en la panader\u00eda de la esquina Kaya C.E.B Hellmund y Kaya Francia, donde hoy en d\u00eda se encuentra el restaurante At Sea.<\/strong><\/span><\/p>\n<p>&nbsp;<\/p>\n<p><span style=\"color: #000000;\"><strong>Los due\u00f1os de ese restaurante han conservado el horno utilizado entonces en la panader\u00eda, con la huella de la mano de la do\u00f1a Marchena, en la actual cocina del restaurante.<\/strong><\/span><\/p>\n<p>&nbsp;<\/p>\n<p><span style=\"color: #000000;\"><strong>A la se\u00f1ora Marchena le encantaba bailar y daba, junto con su hermana, los domingos clases de baile a los obreros holandeses que constru\u00edan el puerto. El baile que ense\u00f1aba era el Cha cha cha. Por ello la dieron el apodo se\u00f1ora Chachacha. Desde entonces la playa enfrente de los apartamentos Chachacha Beach la apodaron playa Chachacha en homenaje a la panadera bailona.<\/strong><\/span><\/p>\n<p>&nbsp;<\/p>\n<p><span style=\"color: #000000;\"><strong>Situado en la calle Kaya C.E.B Hellmund n\u00famero 29 en Kralendijk, los apartamentos Chachacha Beach se encuentran en las coordinadas 12\u00ba08\u201945.19\u201dN &#8211; 68\u00ba16\u201933.73\u201dO.<\/strong><\/span><\/p>\n<p>&nbsp;<\/p>\n<p><span style=\"color: #000000;\"><strong>El edificio, completado en 2010, tiene 8 apartamentos rodeados por un jad\u00edn lleno de flores y plantas y un ascensor (elevador). Todos los apartamentos Chachacha Beach tienen vistas directas al mar desde el sal\u00f3n, una habitaci\u00f3n y la terraza cubierta. Los apartamentos son accesibles para gente en sillas de ruedas.<\/strong><\/span><\/p>\n<p>&nbsp;<\/p>\n<p><span style=\"color: #000000;\"><strong>El edificio se encuentra a 20 metros de la playita Chachacha. Esta playa es especialmente popular entre los Bonairianos que se re\u00fanen por la ma\u00f1anas a nadar, llevan sus hijos a clases de nataci\u00f3n de Edmundo (que da clases de nataci\u00f3n desde hace 40 a\u00f1os y ha ense\u00f1ado a nadar a 5 generaciones de Bonairianos) y quedan por las tardes en el muelle para charlar.<\/strong><\/span><\/p>\n<p>&nbsp;<\/p>\n<p><span style=\"color: #000000;\"><strong>Por el hecho de que los apartamentos estan ubicados en primera linea, tienen unas vistas espectaculares sobre el mar Caribe. Los barquitos amarados en las aguas azul turquesa con Klein Bonaire de fondo, son un deleite para la vista!<\/strong><\/span><\/p>\n<p>&nbsp;<\/p>\n<p><span style=\"color: #000000;\"><strong>La posici\u00f3n \u00fanica de los apartamentos Chachacha Beach en el bulevar de Kralendijk esta a unos pasos de la fortaleza Oranje, el centro de la ciudad con sus pitorescas tiendas y de diversos restaurantes y bares.<\/strong><\/span><\/p>\n<p>&nbsp;<\/p>\n<p><a class=\"gerritlink\" title=\"Bonaire Apartments\" href=\"\/\">Volver a la p\u00e1gina principal Bonaire Apartment.com<\/a><\/p>\n<p>&nbsp;<\/p>\n<a  itemprop=\"url\" href=\"\/chachacha-beach-apartment-2\" target=\"_self\"  class=\"qbutton  default\" style=\"\">Apartamento Chachacha Beach 2<\/a>\n<p>&nbsp;<\/p>\n<p><a  itemprop=\"url\" href=\"\/chachacha-beach-apartment-4\" target=\"_self\"  class=\"qbutton  default\" style=\"\">Apartamento Chachacha Beach 4<\/a>[\/vc_column_text][\/vc_column_inner][vc_column_inner width=&#8221;1\/2&#8243;][vc_single_image image=&#8221;879&#8243; border_color=&#8221;grey&#8221; img_link_large=&#8221;&#8221; img_link_target=&#8221;_self&#8221; img_size=&#8221;large&#8221;][vc_empty_space height=&#8221;32px&#8221;][vc_single_image image=&#8221;881&#8243; border_color=&#8221;grey&#8221; img_link_large=&#8221;&#8221; img_link_target=&#8221;_self&#8221; img_size=&#8221;large&#8221;][vc_empty_space height=&#8221;32px&#8221;][vc_single_image image=&#8221;921&#8243; border_color=&#8221;grey&#8221; img_link_large=&#8221;&#8221; img_link_target=&#8221;_self&#8221; img_size=&#8221;large&#8221;][vc_empty_space height=&#8221;32px&#8221;][vc_single_image image=&#8221;922&#8243; border_color=&#8221;grey&#8221; img_link_large=&#8221;&#8221; img_link_target=&#8221;_self&#8221; img_size=&#8221;large&#8221;][vc_empty_space height=&#8221;32px&#8221;][\/vc_column_inner][\/vc_row_inner][\/vc_column][\/vc_row]<\/p>\n","protected":false},"excerpt":{"rendered":"<p>[vc_row row_type=&#8221;row&#8221; use_row_as_full_screen_section=&#8221;no&#8221; type=&#8221;full_width&#8221; text_align=&#8221;left&#8221; background_image_as_pattern=&#8221;without_pattern&#8221; section_height=&#8221;1200&#8243;][vc_column width=&#8221;1\/1&#8243;][vc_empty_space height=&#8221;82px&#8221;][vc_row_inner][vc_column_inner width=&#8221;1\/2&#8243;][vc_column_text] Historia e informaci\u00f3n sobre los Apartamentos Chachacha Beach: &nbsp; Los apartamentos Chachacha Beach est\u00e1n situados en la parcela que antiguamente correspond\u00eda a la familia Marchena. A princ\u00edpios del siglo veinte una se\u00f1ora de esa familia&#8230;<\/p>\n","protected":false},"author":1,"featured_media":0,"parent":0,"menu_order":0,"comment_status":"open","ping_status":"open","template":"","meta":{"_monsterinsights_skip_tracking":false,"_monsterinsights_sitenote_active":false,"_monsterinsights_sitenote_note":"","_monsterinsights_sitenote_category":0,"footnotes":""},"yoast_head":"<!-- This site is optimized with the Yoast SEO plugin v15.1.1 - https:\/\/yoast.com\/wordpress\/plugins\/seo\/ -->\n<meta name=\"robots\" content=\"index, follow, max-snippet:-1, max-image-preview:large, max-video-preview:-1\" \/>\n<link rel=\"canonical\" href=\"https:\/\/bonaireapartment.com\/es\/historia-apartamentos-chachacha-beach\/\" \/>\n<meta property=\"og:locale\" content=\"es_ES\" \/>\n<meta property=\"og:type\" content=\"article\" \/>\n<meta property=\"og:title\" content=\"Historia de los Apartamentos Chachacha Beach - Bonaire Apartment\" \/>\n<meta property=\"og:description\" content=\"[vc_row row_type=&#8221;row&#8221; use_row_as_full_screen_section=&#8221;no&#8221; type=&#8221;full_width&#8221; text_align=&#8221;left&#8221; background_image_as_pattern=&#8221;without_pattern&#8221; section_height=&#8221;1200&#8243;][vc_column width=&#8221;1\/1&#8243;][vc_empty_space height=&#8221;82px&#8221;][vc_row_inner][vc_column_inner width=&#8221;1\/2&#8243;][vc_column_text] Historia e informaci\u00f3n sobre los Apartamentos Chachacha Beach: &nbsp; Los apartamentos Chachacha Beach est\u00e1n situados en la parcela que antiguamente correspond\u00eda a la familia Marchena. A princ\u00edpios del siglo veinte una se\u00f1ora de esa familia...\" \/>\n<meta property=\"og:url\" content=\"https:\/\/bonaireapartment.com\/es\/historia-apartamentos-chachacha-beach\/\" \/>\n<meta property=\"og:site_name\" content=\"Bonaire Apartment\" \/>\n<meta property=\"article:modified_time\" content=\"2020-02-25T19:59:53+00:00\" \/>\n<meta name=\"twitter:card\" content=\"summary\" \/>\n<script type=\"application\/ld+json\" class=\"yoast-schema-graph\">{\"@context\":\"https:\/\/schema.org\",\"@graph\":[{\"@type\":\"Organization\",\"@id\":\"https:\/\/bonaireapartment.com\/es\/#organization\",\"name\":\"Chachacha Beach Apartments\",\"url\":\"https:\/\/bonaireapartment.com\/es\/\",\"sameAs\":[],\"logo\":{\"@type\":\"ImageObject\",\"@id\":\"https:\/\/bonaireapartment.com\/es\/#logo\",\"inLanguage\":\"es-ES\",\"url\":\"https:\/\/bonaireapartment.com\/wp-content\/uploads\/2015\/05\/logo-bonaireapartment-design-mobile-v2.png\",\"width\":300,\"height\":104,\"caption\":\"Chachacha Beach Apartments\"},\"image\":{\"@id\":\"https:\/\/bonaireapartment.com\/es\/#logo\"}},{\"@type\":\"WebSite\",\"@id\":\"https:\/\/bonaireapartment.com\/es\/#website\",\"url\":\"https:\/\/bonaireapartment.com\/es\/\",\"name\":\"Bonaire Apartment\",\"description\":\"En nog een WordPress site\",\"publisher\":{\"@id\":\"https:\/\/bonaireapartment.com\/es\/#organization\"},\"potentialAction\":[{\"@type\":\"SearchAction\",\"target\":\"https:\/\/bonaireapartment.com\/es\/?s={search_term_string}\",\"query-input\":\"required name=search_term_string\"}],\"inLanguage\":\"es-ES\"},{\"@type\":\"WebPage\",\"@id\":\"https:\/\/bonaireapartment.com\/es\/historia-apartamentos-chachacha-beach\/#webpage\",\"url\":\"https:\/\/bonaireapartment.com\/es\/historia-apartamentos-chachacha-beach\/\",\"name\":\"Historia de los Apartamentos Chachacha Beach - Bonaire Apartment\",\"isPartOf\":{\"@id\":\"https:\/\/bonaireapartment.com\/es\/#website\"},\"datePublished\":\"2015-05-12T12:50:58+00:00\",\"dateModified\":\"2020-02-25T19:59:53+00:00\",\"inLanguage\":\"es-ES\",\"potentialAction\":[{\"@type\":\"ReadAction\",\"target\":[\"https:\/\/bonaireapartment.com\/es\/historia-apartamentos-chachacha-beach\/\"]}]}]}<\/script>\n<!-- \/ Yoast SEO plugin. -->","_links":{"self":[{"href":"https:\/\/bonaireapartment.com\/es\/wp-json\/wp\/v2\/pages\/1072"}],"collection":[{"href":"https:\/\/bonaireapartment.com\/es\/wp-json\/wp\/v2\/pages"}],"about":[{"href":"https:\/\/bonaireapartment.com\/es\/wp-json\/wp\/v2\/types\/page"}],"author":[{"embeddable":true,"href":"https:\/\/bonaireapartment.com\/es\/wp-json\/wp\/v2\/users\/1"}],"replies":[{"embeddable":true,"href":"https:\/\/bonaireapartment.com\/es\/wp-json\/wp\/v2\/comments?post=1072"}],"version-history":[{"count":6,"href":"https:\/\/bonaireapartment.com\/es\/wp-json\/wp\/v2\/pages\/1072\/revisions"}],"predecessor-version":[{"id":1733,"href":"https:\/\/bonaireapartment.com\/es\/wp-json\/wp\/v2\/pages\/1072\/revisions\/1733"}],"wp:attachment":[{"href":"https:\/\/bonaireapartment.com\/es\/wp-json\/wp\/v2\/media?parent=1072"}],"curies":[{"name":"wp","href":"https:\/\/api.w.org\/{rel}","templated":true}]}}