{"id":1086,"date":"2015-05-15T16:09:51","date_gmt":"2015-05-15T15:09:51","guid":{"rendered":"http:\/\/bonaireapartment.com\/prijzen-bonaire-beach-apartments-2\/"},"modified":"2022-05-24T13:56:32","modified_gmt":"2022-05-24T12:56:32","slug":"precios-apartamentos-playa-bonaire","status":"publish","type":"page","link":"https:\/\/bonaireapartment.com\/es\/precios-apartamentos-playa-bonaire\/","title":{"rendered":"Precios Apartamentos Chachacha Beach"},"content":{"rendered":"<p>[vc_row row_type=&#8221;parallax&#8221; parallax_content_width=&#8221;in_grid&#8221; text_align=&#8221;left&#8221; full_screen_section_height=&#8221;no&#8221; section_height=&#8221;900&#8243;][vc_column][vc_empty_space height=&#8221;102px&#8221;][vc_row_inner row_type=&#8221;row&#8221; type=&#8221;full_width&#8221; text_align=&#8221;left&#8221; css_animation=&#8221;&#8221;][vc_column_inner][vc_column_text]<\/p>\n<h1 style=\"text-align: left;\">Precios semanales de los Apartamentos Chachacha Beach<\/h1>\n<p>[\/vc_column_text][vc_empty_space height=&#8221;64px&#8221;][\/vc_column_inner][\/vc_row_inner][vc_column_text]<\/p>\n<table style=\"height: 298px;\" width=\"639\">\n<tbody>\n<tr>\n<td width=\"480\">\n<h3 style=\"text-align: left;\"><strong><span style=\"color: #000000;\">TEMPORADA BAJA $1000 \/ \u20ac930<br \/>\n(Mayo, Junio, Septiembre y Octubre)<\/span><\/strong><\/h3>\n<\/td>\n<td width=\"134\">\n<h3 style=\"text-align: right;\"><\/h3>\n<\/td>\n<\/tr>\n<tr>\n<td width=\"480\">\n<h3 style=\"text-align: left;\"><strong><span style=\"color: #000000;\">TEMPORADA MEDIA $1200 \/ \u20ac1115<br \/>\n(Abril, Julio, Agosto y Noviembre)<\/span><\/strong><\/h3>\n<\/td>\n<td width=\"134\">\n<h3 style=\"text-align: right;\"><\/h3>\n<\/td>\n<\/tr>\n<tr>\n<td width=\"480\">\n<h3 style=\"text-align: left;\"><strong><span style=\"color: #000000;\">TEMPORADA ALTA $1400 \/ \u20ac1300<br \/>\n(Diciembre, Enero, Febrero y Marzo)<\/span><\/strong><\/h3>\n<\/td>\n<td width=\"134\">\n<h3 style=\"text-align: right;\"><\/h3>\n<\/td>\n<\/tr>\n<\/tbody>\n<\/table>\n<p>&nbsp;<\/p>\n<h3><span style=\"color: #000000;\">Los precios incluyen: WIFI, $40 WEB por semana, toallas, ropa de cama y\u00a0pa\u00f1os de cocina.<\/span><\/h3>\n<h3><span style=\"color: #000000;\">No inclu\u00eddo pero obligatorio: Limpieza final ($125), servicio de lavander\u00eda ($10 por persona por semana) y limpieza semanal ($42,50) en estancias de m\u00e1s de una semana.<\/span><\/h3>\n<p>&nbsp;<\/p>\n<h4><em><span style=\"color: #000000;\">El coste del agua y electricidad (WEB) por semana son $40 por consumo <strong>normal<\/strong>. Estos $40 estan incluidos en los precios de alquiler. El uso adicional comporta un suplemento de 0,50 USD por kWh de electricidad y de 5 USD por m\u00b3 de agua.<\/span><\/em><\/h4>\n<h4><span style=\"color: #000000;\"><em><span style=\"color: #000000;\">\u00a0<\/span><\/em><\/span><\/h4>\n<h4><em><span style=\"color: #000000;\">Los hu\u00e9spedes deber\u00e1n mostrar un documento de identidad v\u00e1lido con foto al realizar el registro de entrada. Tenga en cuenta que todas las peticiones especiales est\u00e1n sujetas a disponibilidad y pueden comportar suplementos.<\/span><\/em><\/h4>\n<p><em>\u00a0<\/em><\/p>\n<h4><em><span style=\"color: #000000;\">Los hu\u00e9spedes deber\u00e1n abonar un dep\u00f3sito de <span style=\"text-decoration: underline;\"><strong>USD $<\/strong><strong>250 o \u20ac250 (s\u00f3lo para europeanos)<\/strong><\/span>\u00a0a la llegada para cubrir los posibles da\u00f1os que puedan ocasionarse. Este dep\u00f3sito se reembolsar\u00e1 completamente al realizar el registro de salida y est\u00e1 sujeto a una inspecci\u00f3n por parte del alojamiento para valorar si ha habido alg\u00fan da\u00f1o.<\/span><\/em><\/h4>\n<h4><\/h4>\n<p>[\/vc_column_text][\/vc_column][\/vc_row][vc_row row_type=&#8221;parallax&#8221; parallax_content_width=&#8221;in_grid&#8221; text_align=&#8221;left&#8221; background_image=&#8221;466&#8243; full_screen_section_height=&#8221;no&#8221; section_height=&#8221;1000&#8243;][vc_column][vc_column_text]<\/p>\n<h1>Contacto<\/h1>\n<p>[\/vc_column_text][vc_row_inner row_type=&#8221;row&#8221; type=&#8221;full_width&#8221; text_align=&#8221;left&#8221; css_animation=&#8221;&#8221;][vc_column_inner width=&#8221;1\/2&#8243;]<div role=\"form\" class=\"wpcf7\" id=\"wpcf7-f1126-o1\" lang=\"en-US\" dir=\"ltr\">\n<div class=\"screen-reader-response\" role=\"alert\" aria-live=\"polite\"><\/div>\n<form action=\"\/es\/wp-json\/wp\/v2\/pages\/1086#wpcf7-f1126-o1\" method=\"post\" class=\"wpcf7-form init default\" novalidate=\"novalidate\">\n<div style=\"display: none;\">\n<input type=\"hidden\" name=\"_wpcf7\" value=\"1126\" \/>\n<input type=\"hidden\" name=\"_wpcf7_version\" value=\"5.2.2\" \/>\n<input type=\"hidden\" name=\"_wpcf7_locale\" value=\"en_US\" \/>\n<input type=\"hidden\" name=\"_wpcf7_unit_tag\" value=\"wpcf7-f1126-o1\" \/>\n<input type=\"hidden\" name=\"_wpcf7_container_post\" value=\"0\" \/>\n<input type=\"hidden\" name=\"_wpcf7_posted_data_hash\" value=\"\" \/>\n<\/div>\n<p style=\"color:black\">Su nombre:<br \/>\n    <span class=\"wpcf7-form-control-wrap your-name\"><input type=\"text\" name=\"your-name\" value=\"\" size=\"40\" class=\"wpcf7-form-control wpcf7-text wpcf7-validates-as-required\" aria-required=\"true\" aria-invalid=\"false\" \/><\/span> <\/p>\n<p style=\"color:black\">Su email:<br \/>\n    <span class=\"wpcf7-form-control-wrap your-email\"><input type=\"email\" name=\"your-email\" value=\"\" size=\"40\" class=\"wpcf7-form-control wpcf7-text wpcf7-email wpcf7-validates-as-required wpcf7-validates-as-email\" aria-required=\"true\" aria-invalid=\"false\" \/><\/span> <\/p>\n<p style=\"color:black\">Sujeto<br \/>\n    <span class=\"wpcf7-form-control-wrap your-subject\"><input type=\"text\" name=\"your-subject\" value=\"\" size=\"40\" class=\"wpcf7-form-control wpcf7-text\" aria-invalid=\"false\" \/><\/span> <\/p>\n<p style=\"color:black\">Su mensaje<br \/>\n    <span class=\"wpcf7-form-control-wrap your-message\"><textarea name=\"your-message\" cols=\"40\" rows=\"10\" class=\"wpcf7-form-control wpcf7-textarea\" aria-invalid=\"false\"><\/textarea><\/span> <\/p>\n<p style=\"color:black\">Opcional: qu\u00e9 fechas desear\u00eda reservar?<br \/>\nDesde(d\u00eda-mes-a\u00f1o): <span class=\"wpcf7-form-control-wrap date-308\"><input type=\"date\" name=\"date-308\" value=\"\" class=\"wpcf7-form-control wpcf7-date wpcf7-validates-as-date\" aria-invalid=\"false\" \/><\/span>hasta: <span class=\"wpcf7-form-control-wrap date-98\"><input type=\"date\" name=\"date-98\" value=\"\" class=\"wpcf7-form-control wpcf7-date wpcf7-validates-as-date\" aria-invalid=\"false\" \/><\/span><\/p>\n<p style=\"color:black\"><input type=\"submit\" value=\"Env\u00ede solicitud\" class=\"wpcf7-form-control wpcf7-submit\" \/><\/p>\n<p><script>__gaTracker('send', 'pageview', '\/event\/contact-formulier-apartment-general'); seth=0;<\/script><\/p>\n<div class=\"wpcf7-response-output\" role=\"alert\" aria-hidden=\"true\"><\/div><\/form><\/div>[\/vc_column_inner][\/vc_row_inner][\/vc_column][\/vc_row]<\/p>\n","protected":false},"excerpt":{"rendered":"<p>[vc_row row_type=&#8221;parallax&#8221; parallax_content_width=&#8221;in_grid&#8221; text_align=&#8221;left&#8221; full_screen_section_height=&#8221;no&#8221; section_height=&#8221;900&#8243;][vc_column][vc_empty_space height=&#8221;102px&#8221;][vc_row_inner row_type=&#8221;row&#8221; type=&#8221;full_width&#8221; text_align=&#8221;left&#8221; css_animation=&#8221;&#8221;][vc_column_inner][vc_column_text] Precios semanales de los Apartamentos Chachacha Beach [\/vc_column_text][vc_empty_space height=&#8221;64px&#8221;][\/vc_column_inner][\/vc_row_inner][vc_column_text] TEMPORADA BAJA $1000 \/ \u20ac930 (Mayo, Junio, Septiembre y Octubre) TEMPORADA MEDIA $1200 \/ \u20ac1115 (Abril, Julio, Agosto y Noviembre) TEMPORADA ALTA $1400 \/ \u20ac1300&#8230;<\/p>\n","protected":false},"author":1,"featured_media":0,"parent":0,"menu_order":0,"comment_status":"open","ping_status":"open","template":"full_width.php","meta":{"_monsterinsights_skip_tracking":false,"_monsterinsights_sitenote_active":false,"_monsterinsights_sitenote_note":"","_monsterinsights_sitenote_category":0,"footnotes":""},"yoast_head":"<!-- This site is optimized with the Yoast SEO plugin v15.1.1 - https:\/\/yoast.com\/wordpress\/plugins\/seo\/ -->\n<meta name=\"robots\" content=\"index, follow, max-snippet:-1, max-image-preview:large, max-video-preview:-1\" \/>\n<link rel=\"canonical\" href=\"https:\/\/bonaireapartment.com\/es\/precios-apartamentos-playa-bonaire\/\" \/>\n<meta property=\"og:locale\" content=\"es_ES\" \/>\n<meta property=\"og:type\" content=\"article\" \/>\n<meta property=\"og:title\" content=\"Precios Apartamentos Chachacha Beach - Bonaire Apartment\" \/>\n<meta property=\"og:description\" content=\"[vc_row row_type=&#8221;parallax&#8221; parallax_content_width=&#8221;in_grid&#8221; text_align=&#8221;left&#8221; full_screen_section_height=&#8221;no&#8221; section_height=&#8221;900&#8243;][vc_column][vc_empty_space height=&#8221;102px&#8221;][vc_row_inner row_type=&#8221;row&#8221; type=&#8221;full_width&#8221; text_align=&#8221;left&#8221; css_animation=&#8221;&#8221;][vc_column_inner][vc_column_text] Precios semanales de los Apartamentos Chachacha Beach [\/vc_column_text][vc_empty_space height=&#8221;64px&#8221;][\/vc_column_inner][\/vc_row_inner][vc_column_text] TEMPORADA BAJA $1000 \/ \u20ac930 (Mayo, Junio, Septiembre y Octubre) TEMPORADA MEDIA $1200 \/ \u20ac1115 (Abril, Julio, Agosto y Noviembre) TEMPORADA ALTA $1400 \/ \u20ac1300...\" \/>\n<meta property=\"og:url\" content=\"https:\/\/bonaireapartment.com\/es\/precios-apartamentos-playa-bonaire\/\" \/>\n<meta property=\"og:site_name\" content=\"Bonaire Apartment\" \/>\n<meta property=\"article:modified_time\" content=\"2022-05-24T12:56:32+00:00\" \/>\n<meta name=\"twitter:card\" content=\"summary\" \/>\n<script type=\"application\/ld+json\" class=\"yoast-schema-graph\">{\"@context\":\"https:\/\/schema.org\",\"@graph\":[{\"@type\":\"Organization\",\"@id\":\"https:\/\/bonaireapartment.com\/es\/#organization\",\"name\":\"Chachacha Beach Apartments\",\"url\":\"https:\/\/bonaireapartment.com\/es\/\",\"sameAs\":[],\"logo\":{\"@type\":\"ImageObject\",\"@id\":\"https:\/\/bonaireapartment.com\/es\/#logo\",\"inLanguage\":\"es-ES\",\"url\":\"https:\/\/bonaireapartment.com\/wp-content\/uploads\/2015\/05\/logo-bonaireapartment-design-mobile-v2.png\",\"width\":300,\"height\":104,\"caption\":\"Chachacha Beach Apartments\"},\"image\":{\"@id\":\"https:\/\/bonaireapartment.com\/es\/#logo\"}},{\"@type\":\"WebSite\",\"@id\":\"https:\/\/bonaireapartment.com\/es\/#website\",\"url\":\"https:\/\/bonaireapartment.com\/es\/\",\"name\":\"Bonaire Apartment\",\"description\":\"En nog een WordPress site\",\"publisher\":{\"@id\":\"https:\/\/bonaireapartment.com\/es\/#organization\"},\"potentialAction\":[{\"@type\":\"SearchAction\",\"target\":\"https:\/\/bonaireapartment.com\/es\/?s={search_term_string}\",\"query-input\":\"required name=search_term_string\"}],\"inLanguage\":\"es-ES\"},{\"@type\":\"WebPage\",\"@id\":\"https:\/\/bonaireapartment.com\/es\/precios-apartamentos-playa-bonaire\/#webpage\",\"url\":\"https:\/\/bonaireapartment.com\/es\/precios-apartamentos-playa-bonaire\/\",\"name\":\"Precios Apartamentos Chachacha Beach - Bonaire Apartment\",\"isPartOf\":{\"@id\":\"https:\/\/bonaireapartment.com\/es\/#website\"},\"datePublished\":\"2015-05-15T15:09:51+00:00\",\"dateModified\":\"2022-05-24T12:56:32+00:00\",\"inLanguage\":\"es-ES\",\"potentialAction\":[{\"@type\":\"ReadAction\",\"target\":[\"https:\/\/bonaireapartment.com\/es\/precios-apartamentos-playa-bonaire\/\"]}]}]}<\/script>\n<!-- \/ Yoast SEO plugin. -->","_links":{"self":[{"href":"https:\/\/bonaireapartment.com\/es\/wp-json\/wp\/v2\/pages\/1086"}],"collection":[{"href":"https:\/\/bonaireapartment.com\/es\/wp-json\/wp\/v2\/pages"}],"about":[{"href":"https:\/\/bonaireapartment.com\/es\/wp-json\/wp\/v2\/types\/page"}],"author":[{"embeddable":true,"href":"https:\/\/bonaireapartment.com\/es\/wp-json\/wp\/v2\/users\/1"}],"replies":[{"embeddable":true,"href":"https:\/\/bonaireapartment.com\/es\/wp-json\/wp\/v2\/comments?post=1086"}],"version-history":[{"count":49,"href":"https:\/\/bonaireapartment.com\/es\/wp-json\/wp\/v2\/pages\/1086\/revisions"}],"predecessor-version":[{"id":1763,"href":"https:\/\/bonaireapartment.com\/es\/wp-json\/wp\/v2\/pages\/1086\/revisions\/1763"}],"wp:attachment":[{"href":"https:\/\/bonaireapartment.com\/es\/wp-json\/wp\/v2\/media?parent=1086"}],"curies":[{"name":"wp","href":"https:\/\/api.w.org\/{rel}","templated":true}]}}