{"id":1319,"date":"2015-07-11T16:01:40","date_gmt":"2015-07-11T15:01:40","guid":{"rendered":"http:\/\/bonaireapartment.com\/activities-on-bonaire-2\/"},"modified":"2023-07-21T13:11:33","modified_gmt":"2023-07-21T12:11:33","slug":"activities-on-bonaire","status":"publish","type":"page","link":"https:\/\/bonaireapartment.com\/es\/activities-on-bonaire\/","title":{"rendered":"Actividades en Bonaire"},"content":{"rendered":"<p>[vc_row css_animation=&#8221;&#8221; row_type=&#8221;row&#8221; use_row_as_full_screen_section=&#8221;no&#8221; type=&#8221;full_width&#8221; angled_section=&#8221;no&#8221; text_align=&#8221;left&#8221; background_image_as_pattern=&#8221;without_pattern&#8221;][vc_column][vc_empty_space height=&#8221;120px&#8221;][vc_column_text]<\/p>\n<h1>Actividades en Bonaire<\/h1>\n<p>&nbsp;<\/p>\n<p><span style=\"color: #000000;\">Bonaire es una isla relajada pero hay suficientes actividades que se pueden hacer. Piensa en kayak por los manglares, buceo, kitesurfing, vela, el snorkel o actividades voluntarias.\u00a0<\/span>[\/vc_column_text][vc_empty_space][\/vc_column][\/vc_row][vc_row css_animation=&#8221;&#8221; row_type=&#8221;row&#8221; use_row_as_full_screen_section=&#8221;no&#8221; type=&#8221;full_width&#8221; angled_section=&#8221;no&#8221; text_align=&#8221;left&#8221; background_image_as_pattern=&#8221;without_pattern&#8221;][vc_column width=&#8221;2\/3&#8243;][vc_column_text]<\/p>\n<h2>Mangrove Info Center<\/h2>\n<p>&nbsp;<\/p>\n<p><span style=\"color: #000000;\">On our two-hour kayak tours, we take our guests out snorkeling through a mangrove channel. With our solar powered boats, it is easy to access the mangrove forests guided by a well trained naturalist.<\/span><\/p>\n<p><span style=\"color: #000000;\">\u00a0<\/span><\/p>\n<p><span style=\"color: #000000;\">In between the mangroves and the barrier reef we can find large areas covered with sea grass, which is an important environment for queen conch shells, as well as many other sea creatures such as baby rays, lobster, and baby seahorses. The sea grass also has an important function in filtering the water in Lac Bay and keeps it clear.<\/span><\/p>\n<p><span style=\"color: #000000;\"><strong><a style=\"color: #000000;\" title=\"Mangrove Center\" href=\"http:\/\/www.mangrovecenter.com\" target=\"_blank\" rel=\"noopener\">www.mangrovecenter.com<\/a><\/strong><\/span>[\/vc_column_text][\/vc_column][vc_column width=&#8221;1\/3&#8243;][layerslider_vc id=&#8221;6&#8243;][\/vc_column][\/vc_row][vc_row css_animation=&#8221;&#8221; row_type=&#8221;row&#8221; use_row_as_full_screen_section=&#8221;no&#8221; type=&#8221;full_width&#8221; angled_section=&#8221;no&#8221; text_align=&#8221;left&#8221; background_image_as_pattern=&#8221;without_pattern&#8221;][vc_column][vc_empty_space height=&#8221;50px&#8221;][\/vc_column][\/vc_row][vc_row css_animation=&#8221;&#8221; row_type=&#8221;row&#8221; use_row_as_full_screen_section=&#8221;no&#8221; type=&#8221;full_width&#8221; angled_section=&#8221;no&#8221; text_align=&#8221;left&#8221; background_image_as_pattern=&#8221;without_pattern&#8221;][vc_column width=&#8221;2\/3&#8243;][vc_column_text]<\/p>\n<h2><span style=\"color: #000000;\">Dive Friends Bonaire<\/span><\/h2>\n<p><span style=\"color: #000000;\">\u00a0<\/span><\/p>\n<h4><span style=\"color: #000000;\"><strong>10% discount on shore diving, boat diving and courses when renting a Chachacha Beach Apartment!<\/strong><\/span><\/h4>\n<p>&nbsp;<\/p>\n<p><span style=\"color: #000000;\">Dive Friends Bonaire brings you the best diving and services that Bonaire has to offer.\u00a0<\/span><\/p>\n<p><span style=\"color: #000000;\">As a PADI 5 Star IDC Dive Center, we cater to divers of every skill level and any age&#8211;from kids to technical divers.<\/span><\/p>\n<p><span style=\"color: #000000;\">With Dive Inn next to Chachacha Beach Apartments, you&#8217;re just a door-step away to your ultimate dive adventure!<\/span><\/p>\n<p><span style=\"color: #000000;\"><a style=\"color: #000000;\" title=\"Dive Friends Bonaire\" href=\"http:\/\/www.dive-friends-bonaire.com\" target=\"_blank\" rel=\"noopener\"><strong>www.dive-friends-bonaire.com<\/strong><\/a><\/span>[\/vc_column_text][\/vc_column][vc_column width=&#8221;1\/3&#8243;][layerslider_vc id=&#8221;7&#8243;][\/vc_column][\/vc_row][vc_row css_animation=&#8221;&#8221; row_type=&#8221;row&#8221; use_row_as_full_screen_section=&#8221;no&#8221; type=&#8221;full_width&#8221; angled_section=&#8221;no&#8221; text_align=&#8221;left&#8221; background_image_as_pattern=&#8221;without_pattern&#8221;][vc_column][vc_empty_space height=&#8221;50px&#8221;][\/vc_column][\/vc_row][vc_row css_animation=&#8221;&#8221; row_type=&#8221;row&#8221; use_row_as_full_screen_section=&#8221;no&#8221; type=&#8221;full_width&#8221; angled_section=&#8221;no&#8221; text_align=&#8221;left&#8221; background_image_as_pattern=&#8221;without_pattern&#8221;][vc_column width=&#8221;2\/3&#8243;][vc_column_text]<\/p>\n<h2><span style=\"color: #000000;\">Terramar Museum<\/span><\/h2>\n<p><span style=\"color: #000000;\">\u00a0<\/span><\/p>\n<p><span style=\"color: #000000;\">Una visita al Museo Terramar le llevar\u00e1 en un viaje a trav\u00e9s de 7.000 a\u00f1os de la historia del Caribe, a partir de los colonos amerindias m\u00e1s tempranas a la era de la exploraci\u00f3n y de la \u00e9poca colonial.<\/span><\/p>\n<div><\/div>\n<div><span style=\"color: #000000;\">Desde que pones un pie dentro, se explorar\u00e1 la fascinante historia de Bonaire y la regi\u00f3n del Caribe a trav\u00e9s de exhibiciones espectaculares, fascinantes artefactos, reconstrucciones 3D y experiencias interactivas.<\/span><\/div>\n<div><\/div>\n<div><span style=\"color: #000000;\">Estamos convenientemente ubicados en el centro comercial Terramar en la costa del centro. Estamos climatizados, tenemos Wifi gratuito, estamos abiertos de lunes a s\u00e1bado desde 9 de la ma\u00f1ana a 6 de la tarde.<\/span><\/div>\n<p>&nbsp;<\/p>\n<p><strong><a href=\"http:\/\/terramarmuseum.com\/\">http:\/\/terramarmuseum.com\/<\/a><\/strong>[\/vc_column_text][\/vc_column][vc_column width=&#8221;1\/3&#8243;][vc_single_image image=&#8221;1628&#8243; img_size=&#8221;full&#8221; qode_css_animation=&#8221;&#8221;][\/vc_column][\/vc_row][vc_row css_animation=&#8221;&#8221; row_type=&#8221;row&#8221; use_row_as_full_screen_section=&#8221;no&#8221; type=&#8221;full_width&#8221; angled_section=&#8221;no&#8221; text_align=&#8221;left&#8221; background_image_as_pattern=&#8221;without_pattern&#8221;][vc_column][vc_empty_space height=&#8221;50px&#8221;][\/vc_column][\/vc_row][vc_row css_animation=&#8221;&#8221; row_type=&#8221;row&#8221; use_row_as_full_screen_section=&#8221;no&#8221; type=&#8221;full_width&#8221; angled_section=&#8221;no&#8221; text_align=&#8221;left&#8221; background_image_as_pattern=&#8221;without_pattern&#8221;][vc_column width=&#8221;2\/3&#8243;][vc_column_text]<\/p>\n<h2><\/h2>\n<h2><span style=\"color: #000000;\">Sea Turtle Conservation Bonaire<\/span><\/h2>\n<p>&nbsp;<\/p>\n<p><span style=\"color: #000000;\">Sea Turtle Conservation Bonaire&#8217;s mission is to ensure that Bonaire&#8217;s sea turtles have a secure future, and to connect people to sea turtle conservation in ways that inspire caring for nature.<\/span><\/p>\n<p>&nbsp;<\/p>\n<p>&nbsp;<\/p>\n<p><span style=\"color: #000000;\">Every day STCB works to ensure the future for Bonaire&#8217;s sea turtles, and you can be a part of it. Whether in the office, in the field, or in front of your computer, there&#8217;s a way for you to volunteer.<\/span><\/p>\n<p><strong><span style=\"color: #000000;\" title=\"Sea Turtle Conservation Bonaire\">www.bonaireturtles.org<\/span><\/strong>[\/vc_column_text][\/vc_column][vc_column width=&#8221;1\/3&#8243;][vc_single_image image=&#8221;1291&#8243; img_size=&#8221;full&#8221; qode_css_animation=&#8221;&#8221;][\/vc_column][\/vc_row][vc_row css_animation=&#8221;&#8221; row_type=&#8221;row&#8221; use_row_as_full_screen_section=&#8221;no&#8221; type=&#8221;full_width&#8221; angled_section=&#8221;no&#8221; text_align=&#8221;left&#8221; background_image_as_pattern=&#8221;without_pattern&#8221;][vc_column][vc_empty_space height=&#8221;50px&#8221;][\/vc_column][\/vc_row][vc_row css_animation=&#8221;&#8221; row_type=&#8221;row&#8221; use_row_as_full_screen_section=&#8221;no&#8221; type=&#8221;full_width&#8221; angled_section=&#8221;no&#8221; text_align=&#8221;left&#8221; background_image_as_pattern=&#8221;without_pattern&#8221;][vc_column width=&#8221;2\/3&#8243;][vc_column_text]<\/p>\n<h2><span style=\"color: #000000;\">Donkey Sanctuary Bonaire<\/span><\/h2>\n<p>&nbsp;<\/p>\n<p><span style=\"color: #000000;\">You are very welcome to visit Donkey Sanctuary Bonaire. We would be happy to welcome you in our little shop and tell you about the work that we do. Here you can also buy nice souvenirs of which all profits of course benefit the donkeys.<\/span><\/p>\n<p>&nbsp;<\/p>\n<p><span style=\"color: #000000;\">Next you can make a tour with your own car amongst the hundreds of donkeys in our big park.<\/span><\/p>\n<p><span style=\"color: #000000;\">How can you help the donkeys? By adopting a donkey, become a donor or sponsor.<\/span><\/p>\n<p><span style=\"color: #000000;\"><strong><a style=\"color: #000000;\" title=\"Donkey Sanctuary Bonaire\" href=\"http:\/\/www.donkeysanctuary.org\" target=\"_blank\" rel=\"noopener\">www.donkeysanctuary.org<\/a><\/strong><\/span>[\/vc_column_text][\/vc_column][vc_column width=&#8221;1\/3&#8243;][vc_single_image image=&#8221;1289&#8243; img_size=&#8221;full&#8221; qode_css_animation=&#8221;&#8221;][\/vc_column][\/vc_row][vc_row css_animation=&#8221;&#8221; row_type=&#8221;row&#8221; use_row_as_full_screen_section=&#8221;no&#8221; type=&#8221;full_width&#8221; angled_section=&#8221;no&#8221; text_align=&#8221;left&#8221; background_image_as_pattern=&#8221;without_pattern&#8221;][vc_column][vc_empty_space][\/vc_column][\/vc_row]<\/p>\n","protected":false},"excerpt":{"rendered":"<p>[vc_row css_animation=&#8221;&#8221; row_type=&#8221;row&#8221; use_row_as_full_screen_section=&#8221;no&#8221; type=&#8221;full_width&#8221; angled_section=&#8221;no&#8221; text_align=&#8221;left&#8221; background_image_as_pattern=&#8221;without_pattern&#8221;][vc_column][vc_empty_space height=&#8221;120px&#8221;][vc_column_text] Actividades en Bonaire &nbsp; Bonaire es una isla relajada pero hay suficientes actividades que se pueden hacer. Piensa en kayak por los manglares, buceo, kitesurfing, vela, el snorkel o actividades voluntarias.\u00a0[\/vc_column_text][vc_empty_space][\/vc_column][\/vc_row][vc_row css_animation=&#8221;&#8221; row_type=&#8221;row&#8221; use_row_as_full_screen_section=&#8221;no&#8221; type=&#8221;full_width&#8221; angled_section=&#8221;no&#8221;&#8230;<\/p>\n","protected":false},"author":1,"featured_media":0,"parent":0,"menu_order":0,"comment_status":"closed","ping_status":"closed","template":"","meta":{"_monsterinsights_skip_tracking":false,"_monsterinsights_sitenote_active":false,"_monsterinsights_sitenote_note":"","_monsterinsights_sitenote_category":0,"footnotes":""},"yoast_head":"<!-- This site is optimized with the Yoast SEO plugin v15.1.1 - https:\/\/yoast.com\/wordpress\/plugins\/seo\/ -->\n<meta name=\"robots\" content=\"index, follow, max-snippet:-1, max-image-preview:large, max-video-preview:-1\" \/>\n<link rel=\"canonical\" href=\"https:\/\/bonaireapartment.com\/es\/activities-on-bonaire\/\" \/>\n<meta property=\"og:locale\" content=\"es_ES\" \/>\n<meta property=\"og:type\" content=\"article\" \/>\n<meta property=\"og:title\" content=\"Actividades en Bonaire - Bonaire Apartment\" \/>\n<meta property=\"og:description\" content=\"[vc_row css_animation=&#8221;&#8221; row_type=&#8221;row&#8221; use_row_as_full_screen_section=&#8221;no&#8221; type=&#8221;full_width&#8221; angled_section=&#8221;no&#8221; text_align=&#8221;left&#8221; background_image_as_pattern=&#8221;without_pattern&#8221;][vc_column][vc_empty_space height=&#8221;120px&#8221;][vc_column_text] Actividades en Bonaire &nbsp; Bonaire es una isla relajada pero hay suficientes actividades que se pueden hacer. Piensa en kayak por los manglares, buceo, kitesurfing, vela, el snorkel o actividades voluntarias.\u00a0[\/vc_column_text][vc_empty_space][\/vc_column][\/vc_row][vc_row css_animation=&#8221;&#8221; row_type=&#8221;row&#8221; use_row_as_full_screen_section=&#8221;no&#8221; type=&#8221;full_width&#8221; angled_section=&#8221;no&#8221;...\" \/>\n<meta property=\"og:url\" content=\"https:\/\/bonaireapartment.com\/es\/activities-on-bonaire\/\" \/>\n<meta property=\"og:site_name\" content=\"Bonaire Apartment\" \/>\n<meta property=\"article:modified_time\" content=\"2023-07-21T12:11:33+00:00\" \/>\n<meta name=\"twitter:card\" content=\"summary\" \/>\n<script type=\"application\/ld+json\" class=\"yoast-schema-graph\">{\"@context\":\"https:\/\/schema.org\",\"@graph\":[{\"@type\":\"Organization\",\"@id\":\"https:\/\/bonaireapartment.com\/es\/#organization\",\"name\":\"Chachacha Beach Apartments\",\"url\":\"https:\/\/bonaireapartment.com\/es\/\",\"sameAs\":[],\"logo\":{\"@type\":\"ImageObject\",\"@id\":\"https:\/\/bonaireapartment.com\/es\/#logo\",\"inLanguage\":\"es-ES\",\"url\":\"https:\/\/bonaireapartment.com\/wp-content\/uploads\/2015\/05\/logo-bonaireapartment-design-mobile-v2.png\",\"width\":300,\"height\":104,\"caption\":\"Chachacha Beach Apartments\"},\"image\":{\"@id\":\"https:\/\/bonaireapartment.com\/es\/#logo\"}},{\"@type\":\"WebSite\",\"@id\":\"https:\/\/bonaireapartment.com\/es\/#website\",\"url\":\"https:\/\/bonaireapartment.com\/es\/\",\"name\":\"Bonaire Apartment\",\"description\":\"En nog een WordPress site\",\"publisher\":{\"@id\":\"https:\/\/bonaireapartment.com\/es\/#organization\"},\"potentialAction\":[{\"@type\":\"SearchAction\",\"target\":\"https:\/\/bonaireapartment.com\/es\/?s={search_term_string}\",\"query-input\":\"required name=search_term_string\"}],\"inLanguage\":\"es-ES\"},{\"@type\":\"WebPage\",\"@id\":\"https:\/\/bonaireapartment.com\/es\/activities-on-bonaire\/#webpage\",\"url\":\"https:\/\/bonaireapartment.com\/es\/activities-on-bonaire\/\",\"name\":\"Actividades en Bonaire - Bonaire Apartment\",\"isPartOf\":{\"@id\":\"https:\/\/bonaireapartment.com\/es\/#website\"},\"datePublished\":\"2015-07-11T15:01:40+00:00\",\"dateModified\":\"2023-07-21T12:11:33+00:00\",\"inLanguage\":\"es-ES\",\"potentialAction\":[{\"@type\":\"ReadAction\",\"target\":[\"https:\/\/bonaireapartment.com\/es\/activities-on-bonaire\/\"]}]}]}<\/script>\n<!-- \/ Yoast SEO plugin. -->","_links":{"self":[{"href":"https:\/\/bonaireapartment.com\/es\/wp-json\/wp\/v2\/pages\/1319"}],"collection":[{"href":"https:\/\/bonaireapartment.com\/es\/wp-json\/wp\/v2\/pages"}],"about":[{"href":"https:\/\/bonaireapartment.com\/es\/wp-json\/wp\/v2\/types\/page"}],"author":[{"embeddable":true,"href":"https:\/\/bonaireapartment.com\/es\/wp-json\/wp\/v2\/users\/1"}],"replies":[{"embeddable":true,"href":"https:\/\/bonaireapartment.com\/es\/wp-json\/wp\/v2\/comments?post=1319"}],"version-history":[{"count":11,"href":"https:\/\/bonaireapartment.com\/es\/wp-json\/wp\/v2\/pages\/1319\/revisions"}],"predecessor-version":[{"id":1788,"href":"https:\/\/bonaireapartment.com\/es\/wp-json\/wp\/v2\/pages\/1319\/revisions\/1788"}],"wp:attachment":[{"href":"https:\/\/bonaireapartment.com\/es\/wp-json\/wp\/v2\/media?parent=1319"}],"curies":[{"name":"wp","href":"https:\/\/api.w.org\/{rel}","templated":true}]}}