{"id":817,"date":"2015-05-15T16:09:51","date_gmt":"2015-05-15T15:09:51","guid":{"rendered":"http:\/\/bonaireapartment.com\/?page_id=817"},"modified":"2022-06-14T22:09:50","modified_gmt":"2022-06-14T21:09:50","slug":"prijzen-bonaire-beach-apartments","status":"publish","type":"page","link":"https:\/\/bonaireapartment.com\/nl\/prijzen-bonaire-beach-apartments\/","title":{"rendered":"Prijzen Chachacha Beach Appartementen"},"content":{"rendered":"<p>[vc_row row_type=&#8221;parallax&#8221; parallax_content_width=&#8221;in_grid&#8221; text_align=&#8221;left&#8221; full_screen_section_height=&#8221;no&#8221; section_height=&#8221;900&#8243;][vc_column][vc_empty_space height=&#8221;102px&#8221;][vc_row_inner row_type=&#8221;row&#8221; type=&#8221;full_width&#8221; text_align=&#8221;left&#8221; css_animation=&#8221;&#8221;][vc_column_inner][vc_column_text]<\/p>\n<h1 style=\"text-align: left;\">Prijzen per week Chachacha Beach Appartementen.<\/h1>\n<p>[\/vc_column_text][vc_empty_space height=&#8221;64px&#8221;][\/vc_column_inner][\/vc_row_inner][vc_column_text]<\/p>\n<table style=\"height: 302px;\" width=\"641\">\n<tbody>\n<tr>\n<td width=\"480\">\n<h3 style=\"text-align: left;\"><strong><span style=\"color: #000000;\">LAAG SEIZOEN\u00a0 \u20ac930<br \/>\n(Mei, Juni, September en Oktober)<\/span><\/strong><\/h3>\n<\/td>\n<td width=\"134\">\n<h3 style=\"text-align: right;\"><\/h3>\n<\/td>\n<\/tr>\n<tr>\n<td width=\"480\">\n<h3 style=\"text-align: left;\"><strong><span style=\"color: #000000;\">MID SEIZOEN\u00a0 \u20ac1115<br \/>\n(April, Juli, Augustus en November)<\/span><\/strong><\/h3>\n<\/td>\n<td width=\"134\">\n<h3 style=\"text-align: right;\"><\/h3>\n<\/td>\n<\/tr>\n<tr>\n<td width=\"480\">\n<h3 style=\"text-align: left;\"><strong><span style=\"color: #000000;\">HOOG SEIZOEN\u00a0 \u20ac1300<br \/>\n(December, Januari, Februari en Maart)<\/span><\/strong><\/h3>\n<\/td>\n<td width=\"134\">\n<h3 style=\"text-align: right;\"><\/h3>\n<\/td>\n<\/tr>\n<\/tbody>\n<\/table>\n<p>&nbsp;<\/p>\n<h3><span style=\"color: #000000;\">De prijzen zijn inclusief: WIFI, $40 WEB per week, handdoeken, bed- en keukenlinnen.<\/span><\/h3>\n<h3><span style=\"color: #000000;\">De prijzen zijn niet inclusief de navolgende verplichte: Eindschoonmaak ($125), wasgoed (\u00e0 $10 per persoon per week) en wekelijkse schoonmaak ($42,50) bij een verblijf langer dan \u00e9\u00e9n week.<\/span><\/h3>\n<p>&nbsp;<\/p>\n<h4><span style=\"color: #000000;\"><em>De kosten van water en elektriciteit (WEB) per week zijn $40 bij <strong>normaal<\/strong> gebruik. Deze $40 zijn inclusief \u00a0in de verhuurprijzen. <span style=\"color: #000000;\">Extra verbruik van elektriciteit kost USD \u00a0$0,50 per kWh en extra water kost USD $5 per m\u00b3. De kosten boven de $40 per week komen voor rekening van de gast en zullen op de laatste dag worden betaald.\u00a0<\/span><\/em><\/span><\/h4>\n<p>&nbsp;<\/p>\n<h4><em><span style=\"color: #000000;\">Gasten zijn verplicht om een geldig identiteitsbewijs met foto te tonen bij het inchecken. Houd er rekening mee dat alle Speciale Verzoeken afhankelijk zijn van beschikbaarheid en mogelijk extra kosten met zich meebrengen.<\/span><\/em><\/h4>\n<p>&nbsp;<\/p>\n<h4><em><span style=\"color: #000000;\">Een borg van <span style=\"text-decoration: underline;\"><strong>USD $250 of \u20ac250 (alleen voor gasten uit Europa)<\/strong><\/span> voor incidenten is vereist bij aankomst. Deze borg wordt volledig gerestitueerd bij het uitchecken, na inspectie van de accommodatie.<\/span><\/em><\/h4>\n<h4><\/h4>\n<p>[\/vc_column_text][\/vc_column][\/vc_row][vc_row row_type=&#8221;parallax&#8221; parallax_content_width=&#8221;in_grid&#8221; text_align=&#8221;left&#8221; background_image=&#8221;466&#8243; full_screen_section_height=&#8221;no&#8221; section_height=&#8221;1000&#8243;][vc_column][vc_column_text]<\/p>\n<h1>Contact<\/h1>\n<p>[\/vc_column_text][vc_row_inner row_type=&#8221;row&#8221; type=&#8221;full_width&#8221; text_align=&#8221;left&#8221; css_animation=&#8221;&#8221;][vc_column_inner width=&#8221;1\/2&#8243;]<div role=\"form\" class=\"wpcf7\" id=\"wpcf7-f908-o1\" lang=\"en-US\" dir=\"ltr\">\n<div class=\"screen-reader-response\" role=\"alert\" aria-live=\"polite\"><\/div>\n<form action=\"\/nl\/wp-json\/wp\/v2\/pages\/817#wpcf7-f908-o1\" method=\"post\" class=\"wpcf7-form init default\" novalidate=\"novalidate\">\n<div style=\"display: none;\">\n<input type=\"hidden\" name=\"_wpcf7\" value=\"908\" \/>\n<input type=\"hidden\" name=\"_wpcf7_version\" value=\"5.2.2\" \/>\n<input type=\"hidden\" name=\"_wpcf7_locale\" value=\"en_US\" \/>\n<input type=\"hidden\" name=\"_wpcf7_unit_tag\" value=\"wpcf7-f908-o1\" \/>\n<input type=\"hidden\" name=\"_wpcf7_container_post\" value=\"0\" \/>\n<input type=\"hidden\" name=\"_wpcf7_posted_data_hash\" value=\"\" \/>\n<\/div>\n<p style=\"color:black\">Uw naam:<br \/>\n    <span class=\"wpcf7-form-control-wrap your-name\"><input type=\"text\" name=\"your-name\" value=\"\" size=\"40\" class=\"wpcf7-form-control wpcf7-text wpcf7-validates-as-required\" aria-required=\"true\" aria-invalid=\"false\" \/><\/span> <\/p>\n<p style=\"color:black\">Emailadres:<br \/>\n    <span class=\"wpcf7-form-control-wrap your-email\"><input type=\"email\" name=\"your-email\" value=\"\" size=\"40\" class=\"wpcf7-form-control wpcf7-text wpcf7-email wpcf7-validates-as-required wpcf7-validates-as-email\" aria-required=\"true\" aria-invalid=\"false\" \/><\/span> <\/p>\n<p style=\"color:black\">Onderwerp<br \/>\n    <span class=\"wpcf7-form-control-wrap your-subject\"><input type=\"text\" name=\"your-subject\" value=\"\" size=\"40\" class=\"wpcf7-form-control wpcf7-text\" aria-invalid=\"false\" \/><\/span> <\/p>\n<p style=\"color:black\">Bericht<br \/>\n    <span class=\"wpcf7-form-control-wrap your-message\"><textarea name=\"your-message\" cols=\"40\" rows=\"10\" class=\"wpcf7-form-control wpcf7-textarea\" aria-invalid=\"false\"><\/textarea><\/span> <\/p>\n<p style=\"color:black\">Optioneel: welke datum wil je reserveren?<br \/>\nVan (dag-maand-jaar): <span class=\"wpcf7-form-control-wrap date-308\"><input type=\"date\" name=\"date-308\" value=\"\" class=\"wpcf7-form-control wpcf7-date wpcf7-validates-as-date\" aria-invalid=\"false\" \/><\/span>tot: <span class=\"wpcf7-form-control-wrap date-98\"><input type=\"date\" name=\"date-98\" value=\"\" class=\"wpcf7-form-control wpcf7-date wpcf7-validates-as-date\" aria-invalid=\"false\" \/><\/span><\/p>\n<p><input type=\"submit\" value=\"Verstuur verzoek\" class=\"wpcf7-form-control wpcf7-submit\" \/><\/p>\n<p><script>__gaTracker('send', 'pageview', '\/event\/contact-formulier-apartment-general'); seth=0;<\/script><\/p>\n<div class=\"wpcf7-response-output\" role=\"alert\" aria-hidden=\"true\"><\/div><\/form><\/div>[\/vc_column_inner][\/vc_row_inner][\/vc_column][\/vc_row]<\/p>\n","protected":false},"excerpt":{"rendered":"<p>[vc_row row_type=&#8221;parallax&#8221; parallax_content_width=&#8221;in_grid&#8221; text_align=&#8221;left&#8221; full_screen_section_height=&#8221;no&#8221; section_height=&#8221;900&#8243;][vc_column][vc_empty_space height=&#8221;102px&#8221;][vc_row_inner row_type=&#8221;row&#8221; type=&#8221;full_width&#8221; text_align=&#8221;left&#8221; css_animation=&#8221;&#8221;][vc_column_inner][vc_column_text] Prijzen per week Chachacha Beach Appartementen. [\/vc_column_text][vc_empty_space height=&#8221;64px&#8221;][\/vc_column_inner][\/vc_row_inner][vc_column_text] LAAG SEIZOEN\u00a0 \u20ac930 (Mei, Juni, September en Oktober) MID SEIZOEN\u00a0 \u20ac1115 (April, Juli, Augustus en November) HOOG SEIZOEN\u00a0 \u20ac1300 (December, Januari, Februari en Maart) &nbsp; De&#8230;<\/p>\n","protected":false},"author":1,"featured_media":0,"parent":0,"menu_order":0,"comment_status":"open","ping_status":"open","template":"full_width.php","meta":{"_monsterinsights_skip_tracking":false,"_monsterinsights_sitenote_active":false,"_monsterinsights_sitenote_note":"","_monsterinsights_sitenote_category":0,"footnotes":""},"yoast_head":"<!-- This site is optimized with the Yoast SEO plugin v15.1.1 - https:\/\/yoast.com\/wordpress\/plugins\/seo\/ -->\n<meta name=\"robots\" content=\"index, follow, max-snippet:-1, max-image-preview:large, max-video-preview:-1\" \/>\n<link rel=\"canonical\" href=\"https:\/\/bonaireapartment.com\/nl\/prijzen-bonaire-beach-apartments\/\" \/>\n<meta property=\"og:locale\" content=\"nl_NL\" \/>\n<meta property=\"og:type\" content=\"article\" \/>\n<meta property=\"og:title\" content=\"Prijzen Chachacha Beach Appartementen - Bonaire Apartment\" \/>\n<meta property=\"og:description\" content=\"[vc_row row_type=&#8221;parallax&#8221; parallax_content_width=&#8221;in_grid&#8221; text_align=&#8221;left&#8221; full_screen_section_height=&#8221;no&#8221; section_height=&#8221;900&#8243;][vc_column][vc_empty_space height=&#8221;102px&#8221;][vc_row_inner row_type=&#8221;row&#8221; type=&#8221;full_width&#8221; text_align=&#8221;left&#8221; css_animation=&#8221;&#8221;][vc_column_inner][vc_column_text] Prijzen per week Chachacha Beach Appartementen. [\/vc_column_text][vc_empty_space height=&#8221;64px&#8221;][\/vc_column_inner][\/vc_row_inner][vc_column_text] LAAG SEIZOEN\u00a0 \u20ac930 (Mei, Juni, September en Oktober) MID SEIZOEN\u00a0 \u20ac1115 (April, Juli, Augustus en November) HOOG SEIZOEN\u00a0 \u20ac1300 (December, Januari, Februari en Maart) &nbsp; De...\" \/>\n<meta property=\"og:url\" content=\"https:\/\/bonaireapartment.com\/nl\/prijzen-bonaire-beach-apartments\/\" \/>\n<meta property=\"og:site_name\" content=\"Bonaire Apartment\" \/>\n<meta property=\"article:modified_time\" content=\"2022-06-14T21:09:50+00:00\" \/>\n<meta name=\"twitter:card\" content=\"summary\" \/>\n<script type=\"application\/ld+json\" class=\"yoast-schema-graph\">{\"@context\":\"https:\/\/schema.org\",\"@graph\":[{\"@type\":\"Organization\",\"@id\":\"https:\/\/bonaireapartment.com\/nl\/#organization\",\"name\":\"Chachacha Beach Apartments\",\"url\":\"https:\/\/bonaireapartment.com\/nl\/\",\"sameAs\":[],\"logo\":{\"@type\":\"ImageObject\",\"@id\":\"https:\/\/bonaireapartment.com\/nl\/#logo\",\"inLanguage\":\"nl-NL\",\"url\":\"https:\/\/bonaireapartment.com\/wp-content\/uploads\/2015\/05\/logo-bonaireapartment-design-mobile-v2.png\",\"width\":300,\"height\":104,\"caption\":\"Chachacha Beach Apartments\"},\"image\":{\"@id\":\"https:\/\/bonaireapartment.com\/nl\/#logo\"}},{\"@type\":\"WebSite\",\"@id\":\"https:\/\/bonaireapartment.com\/nl\/#website\",\"url\":\"https:\/\/bonaireapartment.com\/nl\/\",\"name\":\"Bonaire Apartment\",\"description\":\"En nog een WordPress site\",\"publisher\":{\"@id\":\"https:\/\/bonaireapartment.com\/nl\/#organization\"},\"potentialAction\":[{\"@type\":\"SearchAction\",\"target\":\"https:\/\/bonaireapartment.com\/nl\/?s={search_term_string}\",\"query-input\":\"required name=search_term_string\"}],\"inLanguage\":\"nl-NL\"},{\"@type\":\"WebPage\",\"@id\":\"https:\/\/bonaireapartment.com\/nl\/prijzen-bonaire-beach-apartments\/#webpage\",\"url\":\"https:\/\/bonaireapartment.com\/nl\/prijzen-bonaire-beach-apartments\/\",\"name\":\"Prijzen Chachacha Beach Appartementen - Bonaire Apartment\",\"isPartOf\":{\"@id\":\"https:\/\/bonaireapartment.com\/nl\/#website\"},\"datePublished\":\"2015-05-15T15:09:51+00:00\",\"dateModified\":\"2022-06-14T21:09:50+00:00\",\"inLanguage\":\"nl-NL\",\"potentialAction\":[{\"@type\":\"ReadAction\",\"target\":[\"https:\/\/bonaireapartment.com\/nl\/prijzen-bonaire-beach-apartments\/\"]}]}]}<\/script>\n<!-- \/ Yoast SEO plugin. -->","_links":{"self":[{"href":"https:\/\/bonaireapartment.com\/nl\/wp-json\/wp\/v2\/pages\/817"}],"collection":[{"href":"https:\/\/bonaireapartment.com\/nl\/wp-json\/wp\/v2\/pages"}],"about":[{"href":"https:\/\/bonaireapartment.com\/nl\/wp-json\/wp\/v2\/types\/page"}],"author":[{"embeddable":true,"href":"https:\/\/bonaireapartment.com\/nl\/wp-json\/wp\/v2\/users\/1"}],"replies":[{"embeddable":true,"href":"https:\/\/bonaireapartment.com\/nl\/wp-json\/wp\/v2\/comments?post=817"}],"version-history":[{"count":64,"href":"https:\/\/bonaireapartment.com\/nl\/wp-json\/wp\/v2\/pages\/817\/revisions"}],"predecessor-version":[{"id":1765,"href":"https:\/\/bonaireapartment.com\/nl\/wp-json\/wp\/v2\/pages\/817\/revisions\/1765"}],"wp:attachment":[{"href":"https:\/\/bonaireapartment.com\/nl\/wp-json\/wp\/v2\/media?parent=817"}],"curies":[{"name":"wp","href":"https:\/\/api.w.org\/{rel}","templated":true}]}}